{"id":48,"date":"2020-03-17T17:26:01","date_gmt":"2020-03-17T17:26:01","guid":{"rendered":"https:\/\/hytteinorge.nl\/?page_id=48"},"modified":"2025-11-04T19:25:34","modified_gmt":"2025-11-04T19:25:34","slug":"steden","status":"publish","type":"page","link":"https:\/\/hytteinorge.nl\/index.php\/steden\/","title":{"rendered":"Steden"},"content":{"rendered":"\n<p style=\"font-size:clamp(14px, 0.875rem + ((1vw - 3.2px) * 0.088), 15px);\">Vanuit Breivatn kun je verschillende steden bezoeken. We zetten er een paar op een rijtje.<\/p>\n\n\n\n<h4 class=\"wp-block-heading\" id=\"hjartdal-sauland-30-km-ca-40-min\">Hjartdal (20 min)<\/h4>\n\n\n\n<p style=\"font-size:14px\">Hjartdal is een plaatsje tussen Gvammen (onder aan de berg) en Flatdal\/Nutheim. Het meest interessant is de omgeving rond Holm Landhandel (bij de kerk) waar je allerlei streekproducten kunt kopen. In die buurt vind je ook een uitkijktorentje en een zwemplekje. Ook is er een watermolen die meel maakt en waar hele mooie watervallen zijn. Leuk om een keertje te kijken.<\/p>\n\n\n\n<h4 class=\"wp-block-heading\">Sauland (30 km, ca 40 min)<\/h4>\n\n\n\n<p style=\"font-size:14px\">Sauland is een kleine plaats, waar eigenlijk alleen een bank, supermarkt, tankstation en een het gemeentehuis gevonden kunnen worden. Tegenover het gemeentehuis vind je nog een bed-and-breakfast die van Nederlanders is. Via Sauland kun je binnendoor naar Rjukan rijden. Let op dat deze weg in de winter is afgesloten. Tenslotte &#8211; niet onbelangrijk &#8211; vind je in Sauland een snellader (50kW) voor elektrische auto\u2019s.<\/p>\n\n\n\n<h4 class=\"wp-block-heading\" id=\"seljord-30-km-ca-40-min\">Seljord (30 km, ca 40 min)<\/h4>\n\n\n\n<p style=\"font-size:14px\">Seljord is een middelgrote gemeente die ongeveer net zo ver van Breivatn ligt als Sauland. Hier vind je meer voorzieningen waaronder diverse winkels en meerdere supermarkten, enkele restaurants, een apotheek, zorgvoorzieningen, garages, bouwmarkten, een bakkerij en een soort Blokker\/Xenos. En een van onze favoriete tweedehandswinkels: Borgen brukt. <\/p>\n\n\n\n<div class=\"wp-block-columns is-layout-flex wp-container-core-columns-is-layout-28f84493 wp-block-columns-is-layout-flex\">\n<div class=\"wp-block-column is-layout-flow wp-block-column-is-layout-flow\">\n<p style=\"font-size:14px\">Ook hier kun je je elektrische auto opladen bij diverse snelladers. Seljord ligt aan een flink meer en heeft daarom ook een aantal zwemplekken. In de zomer worden hier ook evenementen georganiseerd (muziek &amp; dans) en kom je aan je trekken qua kunst en cultuur. En last but not least rond Seljord: in het najaar kun je naar <a href=\"https:\/\/hytteinorge.nl\/index.php\/2022\/05\/04\/dyrskun\/\">Dyrsku&#8217;n<\/a>! Een belevenis waar meer dan 80.000 mensen op af komen. <\/p>\n<\/div>\n\n\n\n<div class=\"wp-block-column has-cyan-bluish-gray-background-color has-background is-layout-flow wp-block-column-is-layout-flow\">\n<p class=\"has-text-align-center\"><strong>Seljord heeft z&#8217;n eigen monster van Loch Ness: <\/strong><\/p>\n\n\n\n<p class=\"has-text-align-center\"><strong>de Sj\u00f8ormen<\/strong> <\/p>\n<\/div>\n<\/div>\n\n\n\n<p style=\"font-size:14px\">Mooie uitzichtpunten en gelegenheden om te vissen of BBQ-en zijn in overvloed aanwezig. En goed om te weten als je gaat zwemmen of varen: Seljord heeft z\u2019n eigen \u2018monster van Loch Ness\u2019. De Sj\u00f8ormen (vertaald: meer-worm), waarvan al meerdere videos zijn gemaakt! <\/p>\n\n\n\n<p style=\"font-size:14px\">Seljord is de kommune\/gemeente waar wij vanaf 2023\/2024 gaan wonen.<\/p>\n\n\n\n<h4 class=\"wp-block-heading\" id=\"vradal-60-km-ca-1-uur-en-15-min\">Vr\u00e5dal (60 km, ca 1 uur en 15 min)<\/h4>\n\n\n\n<div class=\"wp-block-columns is-layout-flex wp-container-core-columns-is-layout-28f84493 wp-block-columns-is-layout-flex\">\n<div class=\"wp-block-column is-layout-flow wp-block-column-is-layout-flow\">\n<p style=\"font-size:14px\">In Vr\u00e5dal ligt een van de skigebieden die je in de winter kunt bezoeken. In de zomer kun je hier juist een kano of kajak huren voor een tocht in een van de twee meren waar Vr\u00e5dal tussenin ligt. In Vr\u00e5dal vind je ook wat speelgelegenheden voor kinderen. Je komt in Vr\u00e5dal door vanuit Seljord via Kviteseid (ook mooi!) over een bergpas te rijden.<\/p>\n<\/div>\n\n\n\n<div class=\"wp-block-column is-layout-flow wp-block-column-is-layout-flow\">\n<figure class=\"wp-block-image size-large\"><img loading=\"lazy\" decoding=\"async\" width=\"640\" height=\"427\" src=\"https:\/\/hytteinorge.nl\/wp-content\/uploads\/2020\/07\/62A2770.jpeg\" alt=\"\" class=\"wp-image-407\" srcset=\"https:\/\/hytteinorge.nl\/wp-content\/uploads\/2020\/07\/62A2770.jpeg 640w, https:\/\/hytteinorge.nl\/wp-content\/uploads\/2020\/07\/62A2770-300x200.jpeg 300w, https:\/\/hytteinorge.nl\/wp-content\/uploads\/2020\/07\/62A2770-100x67.jpeg 100w\" sizes=\"auto, (max-width: 640px) 100vw, 640px\" \/><\/figure>\n<\/div>\n<\/div>\n\n\n\n<p style=\"font-size:14px\">Ook hier zijn hotels, winkels, tankstations, laadvoorzieningen en supermarkten te vinden. Maar Seljord biedt op dat vlak nog wel iets meer.<\/p>\n\n\n\n<h4 class=\"wp-block-heading\" id=\"rjukan-60-100-km-ca-1-uur-1-uur-en-30-min\">Rjukan (60 &#8211; 100 km, ca 1 uur &#8211; 1 uur en 30 min)<\/h4>\n\n\n\n<div class=\"wp-block-columns is-layout-flex wp-container-core-columns-is-layout-28f84493 wp-block-columns-is-layout-flex\">\n<div class=\"wp-block-column has-cyan-bluish-gray-background-color has-background is-layout-flow wp-block-column-is-layout-flow\">\n<p><\/p>\n\n\n\n<p class=\"has-text-align-center\"><strong>De zon wordt met spiegels naar  het dal geleid &#8230;<\/strong><\/p>\n<\/div>\n\n\n\n<div class=\"wp-block-column is-layout-flow wp-block-column-is-layout-flow\">\n<p style=\"font-size:14px\">Rjukan is bekend als het smalle dal met de steile bergen, waardoor op sommige plekken in het dal tussen september en maart geen zon kan komen omdat die niet hoog genoeg komt. Een kunstenaar heeft spiegels op een overliggende berg geplaatst, die het zonlicht alsnog naar die schaduwplekken brengt. <\/p>\n<\/div>\n<\/div>\n\n\n\n<div class=\"wp-block-columns is-layout-flex wp-container-core-columns-is-layout-28f84493 wp-block-columns-is-layout-flex\">\n<div class=\"wp-block-column is-layout-flow wp-block-column-is-layout-flow\">\n<p style=\"font-size:14px\">Rjukan heeft een skigebied en bijzonder is dat Rjukan een van de weinige steden in Noorwegen is die aan de tekentafel is ontworpen. In Rjukan ligt een waterkrachtcentrale die ooit de grootste centrale ter wereld was en elektriciteit haalde uit een meer dan 100 meter hoge waterval (die je kunt bezoeken). In de tweede wereldoorlog maakten de Duitsers zwaar water in de centrales in Rjukan. De gemeente is ontworpen voor de arbeiders van die centrales, die tegenwoordig een musea zijn.&nbsp;<\/p>\n<\/div>\n\n\n\n<div class=\"wp-block-column is-vertically-aligned-center is-layout-flow wp-block-column-is-layout-flow\">\n<figure class=\"wp-block-image size-large is-resized\"><img loading=\"lazy\" decoding=\"async\" width=\"427\" height=\"640\" src=\"https:\/\/hytteinorge.nl\/wp-content\/uploads\/2020\/07\/image0-1.jpeg\" alt=\"\" class=\"wp-image-446\" style=\"width:218px;height:327px\" srcset=\"https:\/\/hytteinorge.nl\/wp-content\/uploads\/2020\/07\/image0-1.jpeg 427w, https:\/\/hytteinorge.nl\/wp-content\/uploads\/2020\/07\/image0-1-200x300.jpeg 200w, https:\/\/hytteinorge.nl\/wp-content\/uploads\/2020\/07\/image0-1-100x150.jpeg 100w\" sizes=\"auto, (max-width: 427px) 100vw, 427px\" \/><\/figure>\n<\/div>\n<\/div>\n\n\n\n<p style=\"font-size:14px\">Rjukan had ook Europa\u2019s eerste kabelbaan. Die kabelbaan was een gift aan de arbeiders van de centrale, zodat ze op de bergtoppen toch van het zonlicht konden genieten. De belangrijkste berg rond Rjukan is de Gaustatoppen, waar je ook kunt ski\u00ebn in de winter. Qua voorzieningen heeft Rjukan een (binnen)zwembad, diverse winkels en restaurants en ook een ziekenhuis. Al met al is Rjukan weer een maatje groter dan Seljord en zeker de moeite waard om eens naartoe te gaan.<\/p>\n\n\n\n<h4 class=\"wp-block-heading\" id=\"notodden-50-km-ca-1-uur\">Notodden (50 km, ca 1 uur)<\/h4>\n\n\n\n<div class=\"wp-block-columns is-layout-flex wp-container-core-columns-is-layout-28f84493 wp-block-columns-is-layout-flex\">\n<div class=\"wp-block-column is-layout-flow wp-block-column-is-layout-flow\">\n<figure class=\"wp-block-image size-large\"><img loading=\"lazy\" decoding=\"async\" width=\"1024\" height=\"768\" src=\"https:\/\/hytteinorge.nl\/wp-content\/uploads\/2020\/06\/IMG_0093-1024x768.jpg\" alt=\"\" class=\"wp-image-379\" srcset=\"https:\/\/hytteinorge.nl\/wp-content\/uploads\/2020\/06\/IMG_0093-1024x768.jpg 1024w, https:\/\/hytteinorge.nl\/wp-content\/uploads\/2020\/06\/IMG_0093-300x225.jpg 300w, https:\/\/hytteinorge.nl\/wp-content\/uploads\/2020\/06\/IMG_0093-768x576.jpg 768w, https:\/\/hytteinorge.nl\/wp-content\/uploads\/2020\/06\/IMG_0093-1536x1152.jpg 1536w, https:\/\/hytteinorge.nl\/wp-content\/uploads\/2020\/06\/IMG_0093-900x675.jpg 900w, https:\/\/hytteinorge.nl\/wp-content\/uploads\/2020\/06\/IMG_0093-1280x960.jpg 1280w, https:\/\/hytteinorge.nl\/wp-content\/uploads\/2020\/06\/IMG_0093-2000x1500.jpg 2000w, https:\/\/hytteinorge.nl\/wp-content\/uploads\/2020\/06\/IMG_0093-100x75.jpg 100w, https:\/\/hytteinorge.nl\/wp-content\/uploads\/2020\/06\/IMG_0093.jpg 2016w\" sizes=\"auto, (max-width: 1024px) 100vw, 1024px\" \/><\/figure>\n<\/div>\n\n\n\n<div class=\"wp-block-column is-layout-flow wp-block-column-is-layout-flow\">\n<p style=\"font-size:14px\">Notodden is met bijna 13.000 inwoners en een universiteit een echte stad. Hier vind je onder meer de grootste staafkerk uit de tijd van de vikings, die zeker een bezoek waard is! Jaarlijks wordt in Notodden in de eerste week van augustus een groot bluesfestival georganiseerd met grote namen zoals <a rel=\"noreferrer noopener\" href=\"https:\/\/youtu.be\/-AsiriOfxrE\" target=\"_blank\">Joss Stone<\/a> en <a href=\"https:\/\/www.youtube.com\/watch?v=3Tq1F9oYfu0\" target=\"_blank\" rel=\"noreferrer noopener\">Christone \u2019Kingfish\u2019 Ingram.<\/a><\/p>\n<\/div>\n<\/div>\n\n\n\n<div class=\"wp-block-columns is-layout-flex wp-container-core-columns-is-layout-28f84493 wp-block-columns-is-layout-flex\">\n<div class=\"wp-block-column is-layout-flow wp-block-column-is-layout-flow\">\n<p style=\"font-size:14px\">Op weg naar Notodden rij je op de E134 langs een CirkleK tankstation, met daarnaast een andere tweedehandswinkel die tot onze favorieten behoort. Vlak voor Notodden, ter hoogte van het vliegveld, vind je Tuven, waar een winkelcentrum, diverse winkelcentra, bouwmarkten en een soort Blokker te vinden zijn.<\/p>\n<\/div>\n\n\n\n<div class=\"wp-block-column is-layout-flow wp-block-column-is-layout-flow\">\n<p class=\"has-text-align-center has-cyan-bluish-gray-background-color has-background\"><strong>Staafkerken en bluesfestifals<\/strong><\/p>\n<\/div>\n<\/div>\n\n\n\n<p style=\"font-size:14px\">De stad heeft een industri\u00eble achtergrond en is nu een werelderfgoed (net als Rjukan trouwens) en heeft vanuit daar verschillende musea. De hoogtijdagen van de industrie zijn voorbij waardoor de stad wat in slaap sukkelt, maar mede daardoor fotogenieke plekken heeft.<br><\/p>\n\n\n\n<p style=\"font-size:14px\">Notodden heeft in de zomer veel te bieden op het gebied van cultuur. Je kunt vanuit Oslo Airport met de trein in Notodden komen en er zijn veel restaurants, een shopping-mall, winkels en andere voorzieningen zoals je die van een stad mag verwachten.<\/p>\n\n\n\n<h4 class=\"wp-block-heading\" id=\"bo-45-km-1-uur-rijden\">B\u00f8 (45 km, 1 uur rijden)<\/h4>\n\n\n\n<p style=\"font-size:14px\">B\u00f8 is een redelijk grote plaats ten zuiden van Hjartdal, die je kunt bereiken via Seljord. De plaats heeft relatief veel winkels, meerdere winkelcentra en voorzieningen. En bovendien &#8230;. <a rel=\"noreferrer noopener\" aria-label=\" (opent in een nieuwe tab)\" href=\"https:\/\/www.sommarland.no\/?gclid=Cj0KCQjwu8r4BRCzARIsAA21i_Ccd8Qeq_tbPTCrwNtHF8ZzksZQa-RT7aB8rY96SVYnHSCXygSrEEMaAvppEALw_wcB\" target=\"_blank\">B\u00f8 Sommarland<\/a>, en een klimpark!  En ook hier vind je tweedehandswinkels, waaronder weer een van onze favorieten (det gule huset). En tenslotte heb je in <a rel=\"noreferrer noopener\" href=\"https:\/\/visitbo.no\/restauranter\/\" target=\"_blank\">B\u00f8 en omgeving<\/a> voldoende restaurants, fruitteelt, een brouwerij, een bowlingbaan, minigolf en nog veel meer.<br><br>Een middagje touren? Rij dan eens via Notodden, over de landingsbaan van het vliegveld, via een bergpas naar B\u00f8 en dan via Seljord weer terug naar Breivatn. Onderweg valt er veel te zien en bezoeken!<\/p>\n\n\n\n<h4 class=\"wp-block-heading\" id=\"kongsberg-80-km-90-min\">Kongsberg (80 km, 90 min)<\/h4>\n\n\n\n<p style=\"font-size:14px\">Op ongeveer anderhalf uur rijden van Breivatn, over de E134 via Notodden en door een prachtig berggebied, ligt Kongsberg. Deze stad is met bijna 20.000 inwoners weer een maatje groter dan Notodden en kun je per trein vanaf luchthaven Oslo Gardermoen prima bereiken. De stad biedt een groot winkelcentrum zoals we in Nederland kennen, een stadskern en een indrukwekkende stroomversnelling in de rivier de L\u00e5gen. Ook de zilvermijnen in de buurt van Kongsberg zijn een bezoekje waard, waar je 2.3 km rijdt om bijna 350 meter onder de grond te komen. Net als Notodden een jaarlijks bluesfestival heeft, wordt in Kongsberg jaarlijks een jazzfestival georganiseerd. Kongsberg heeft veel te bieden en is zeker het overwegen waard om een dagje te bezoeken. Kijk eens naar <a href=\"https:\/\/hytteinorge.nl\/index.php\/2025\/11\/04\/kongsberg\/\">dit bericht <\/a>om te zien wat je allemaal in Kongsberg kunt doen.<\/p>\n\n\n\n<h4 class=\"wp-block-heading\" id=\"skien-105-km-2-uur\">Skien (105 km, 2 uur)<\/h4>\n\n\n\n<div class=\"wp-block-columns is-layout-flex wp-container-core-columns-is-layout-28f84493 wp-block-columns-is-layout-flex\">\n<div class=\"wp-block-column is-layout-flow wp-block-column-is-layout-flow\">\n<figure class=\"wp-block-image size-large\"><img loading=\"lazy\" decoding=\"async\" width=\"1024\" height=\"683\" src=\"https:\/\/hytteinorge.nl\/wp-content\/uploads\/2021\/08\/589AB9F6-AA13-441D-B266-D09F35B09F4F-1024x683.jpeg\" alt=\"\" class=\"wp-image-836\" srcset=\"https:\/\/hytteinorge.nl\/wp-content\/uploads\/2021\/08\/589AB9F6-AA13-441D-B266-D09F35B09F4F-1024x683.jpeg 1024w, https:\/\/hytteinorge.nl\/wp-content\/uploads\/2021\/08\/589AB9F6-AA13-441D-B266-D09F35B09F4F-300x200.jpeg 300w, https:\/\/hytteinorge.nl\/wp-content\/uploads\/2021\/08\/589AB9F6-AA13-441D-B266-D09F35B09F4F-768x512.jpeg 768w, https:\/\/hytteinorge.nl\/wp-content\/uploads\/2021\/08\/589AB9F6-AA13-441D-B266-D09F35B09F4F-1536x1024.jpeg 1536w, https:\/\/hytteinorge.nl\/wp-content\/uploads\/2021\/08\/589AB9F6-AA13-441D-B266-D09F35B09F4F-2048x1365.jpeg 2048w, https:\/\/hytteinorge.nl\/wp-content\/uploads\/2021\/08\/589AB9F6-AA13-441D-B266-D09F35B09F4F-900x600.jpeg 900w, https:\/\/hytteinorge.nl\/wp-content\/uploads\/2021\/08\/589AB9F6-AA13-441D-B266-D09F35B09F4F-1280x853.jpeg 1280w, https:\/\/hytteinorge.nl\/wp-content\/uploads\/2021\/08\/589AB9F6-AA13-441D-B266-D09F35B09F4F-scaled-2000x1334.jpeg 2000w, https:\/\/hytteinorge.nl\/wp-content\/uploads\/2021\/08\/589AB9F6-AA13-441D-B266-D09F35B09F4F-scaled-100x67.jpeg 100w\" sizes=\"auto, (max-width: 1024px) 100vw, 1024px\" \/><\/figure>\n<\/div>\n\n\n\n<div class=\"wp-block-column is-layout-flow wp-block-column-is-layout-flow\">\n<p style=\"font-size:14px\">De hoofdstad van de provincie is Skien. Met zo\u2019n 50.000 inwoners is Skien een stad volgens de begrippen die we in Nederland kennen. Het heeft een uitgebreid centrum met een haven, en het Brekkeparken. Daar zijn bijna 20 hele oude houten gebouwen en huisjes vanuit de hele provincie naartoe verplaatst, als onderdeel van een openlucht museum. Skien leent zich zeker voor een leuke dagtrip!<\/p>\n<\/div>\n<\/div>\n\n\n\n<h4 class=\"wp-block-heading\" id=\"oslo-160-km-2-uur-en-30-minuten\">Oslo (160 km, 2 uur en 30 minuten)<\/h4>\n\n\n\n<p style=\"font-size:14px\">Het is niet helemaal eerlijk om Drammen over te slaan als je van Breivatn naar Oslo rijdt omdat dit ook een flinke stad is, met shopping malls en veel andere voorzieningen. Maar Oslo biedt toch weer behoorlijk meer. Het is de hoofdstad van Noorwegen met een vliegveld en het karakter dat bij een hoofdstad hoort. Een stad met uitstaling, een gezellig centrum, mooie architectuur en veel musea, reastaurants en voorzieningen. In Oslo m\u00f3et je een keer geweest zijn! Vergeet dan niet langs het operahuis te gaan in deze Europese Groene Hoofdstad van het jaar 2019! Of naar Barcode of het Astrup Fearnly museum. Het OV in Oslo is erg goed geregeld, er is een groot aanbod aan restaurants en er zijn veel outdoorfestivals. Ook met kinderen is er in Oslo genoeg te doen. Zoals bijvoorbeeld zwemmen in het fjord, in het centrum van Oslo! Dat heb je vast nog nooit eerder gedaan.<\/p>\n\n\n\n<p style=\"font-size:14px\">Ook interessant: je kunt de auto onderaan de berg bij Breivatn neerzetten in Gvammen. Dan pak je voor &#8211; als the het goed plant &#8211; \u20ac8 p.p. de bus (Haukeliexpressen, NW180) naar Oslo en stap je een kleine 2,5 uur later in het centrum van Oslo uit. In Oslo heb je enorm <a href=\"https:\/\/youtu.be\/BU7QddjKoyM?si=oKMbV0d16_ba1MM0\" target=\"_blank\" rel=\"noreferrer noopener\">goede en betaalbare OV<\/a> en stapjes om rond te reizen.<\/p>\n<div class=\"love\"><input  id=\"post_48\" type=\"checkbox\" class=\"LoveCheck\"\/>\n                <label for=\"post_48\" class=\"dashicons dashicons-heart LoveLabel\" aria-label=\"like this\"><\/label><span class=\"LoveCount\">2<\/span><\/div><!--\/love-->","protected":false},"excerpt":{"rendered":"<p>Vanuit Breivatn kun je verschillende steden bezoeken. We zetten er een paar op een rijtje. Hjartdal (20 min) Hjartdal is een plaatsje tussen Gvammen (onder aan de berg) en Flatdal\/Nutheim. Het meest interessant is de omgeving rond Holm Landhandel (bij de kerk) waar je allerlei streekproducten kunt kopen. In die buurt vind je ook een &hellip; <\/p>\n<p class=\"link-more\"><a href=\"https:\/\/hytteinorge.nl\/index.php\/steden\/\" class=\"more-link\">Lees meer<span class=\"screen-reader-text\"> &#8220;Steden&#8221;<\/span><\/a><\/p>\n","protected":false},"author":2,"featured_media":454,"parent":0,"menu_order":0,"comment_status":"closed","ping_status":"closed","template":"","meta":{"_acf_changed":false,"footnotes":""},"class_list":["post-48","page","type-page","status-publish","has-post-thumbnail","hentry"],"acf":[],"jetpack_sharing_enabled":true,"_links":{"self":[{"href":"https:\/\/hytteinorge.nl\/index.php\/wp-json\/wp\/v2\/pages\/48","targetHints":{"allow":["GET"]}}],"collection":[{"href":"https:\/\/hytteinorge.nl\/index.php\/wp-json\/wp\/v2\/pages"}],"about":[{"href":"https:\/\/hytteinorge.nl\/index.php\/wp-json\/wp\/v2\/types\/page"}],"author":[{"embeddable":true,"href":"https:\/\/hytteinorge.nl\/index.php\/wp-json\/wp\/v2\/users\/2"}],"replies":[{"embeddable":true,"href":"https:\/\/hytteinorge.nl\/index.php\/wp-json\/wp\/v2\/comments?post=48"}],"version-history":[{"count":69,"href":"https:\/\/hytteinorge.nl\/index.php\/wp-json\/wp\/v2\/pages\/48\/revisions"}],"predecessor-version":[{"id":2359,"href":"https:\/\/hytteinorge.nl\/index.php\/wp-json\/wp\/v2\/pages\/48\/revisions\/2359"}],"wp:featuredmedia":[{"embeddable":true,"href":"https:\/\/hytteinorge.nl\/index.php\/wp-json\/wp\/v2\/media\/454"}],"wp:attachment":[{"href":"https:\/\/hytteinorge.nl\/index.php\/wp-json\/wp\/v2\/media?parent=48"}],"curies":[{"name":"wp","href":"https:\/\/api.w.org\/{rel}","templated":true}]}}