{"id":52,"date":"2020-03-17T17:27:06","date_gmt":"2020-03-17T17:27:06","guid":{"rendered":"https:\/\/hytteinorge.nl\/?page_id=52"},"modified":"2025-05-21T14:42:19","modified_gmt":"2025-05-21T14:42:19","slug":"supermarkten-en-restaurants","status":"publish","type":"page","link":"https:\/\/hytteinorge.nl\/index.php\/supermarkten-en-restaurants\/","title":{"rendered":"Supermarkten en restaurants"},"content":{"rendered":"\n<p style=\"font-size:clamp(14px, 0.875rem + ((1vw - 3.2px) * 0.088), 15px);\">Waar doe je de boodschappen? Dat kan op meerdere plekken in de omgeving. Net als in Nederland bestaan er meer supermarktketens. We zetten ze voor je op een rijtje:<\/p>\n\n\n\n<p style=\"font-size:14px\">Joker Gvammen\/Hjartdal (&lt; 30 minuten)<\/p>\n\n\n\n<p style=\"font-size:14px\">Joker Flatdal (ca 40 minuten)<\/p>\n\n\n\n<p style=\"font-size:14px\">Meny, Xtra, Rema 1000, Europris Seljord (ca 40 minuten)<\/p>\n\n\n\n<p style=\"font-size:14px\">Spar Hjartdal (ca 40 minuten)<\/p>\n\n\n\n<p style=\"font-size:14px\">Rema 1000, Meny, Spar, Kiwi, Coop, Europris Notodden (ca 60 minuten)<\/p>\n\n\n\n<p style=\"font-size:14px\">Onze ervaring is dat de Spar, Coop en Joker iets duurder zijn dan de Kiwi en Rema 1000. Niet alles is trouwens duurder dan in Nederland: je moet een beetje opletten wat je koopt en waar. Elektrische apparaten zijn bijvoorbeeld vaak goedkoper in Noorwegen.<\/p>\n\n\n\n<p style=\"font-size:14px\">Zoek je een Blokker, dat kun je terecht bij de Europris in Seljord of Notodden. Ook sportwinkels, bouwmarkten en apotheken vind je in Seljord, B\u00f8 en Notodden. En vergeet vooral niet de bakker in Seljord te bezoeken! <\/p>\n\n\n\n<p style=\"font-size:14px\">Winkelcentra vind je in <a href=\"https:\/\/www.telesenteret.no\/butikkar\/intersport\/\" target=\"_blank\" rel=\"noreferrer noopener\">Seljord<\/a>, B\u00f8 en Notodden.<\/p>\n\n\n\n<h4 class=\"wp-block-heading\">Aanbiedingen<\/h4>\n\n\n\n<p style=\"font-size:14px\">Het is handig om de aanbiedingen in de gaten te houden. Hieronder vind je de links naar de krantjes<\/p>\n\n\n\n<p style=\"font-size:14px\"><a rel=\"noreferrer noopener\" href=\"https:\/\/www.rema.no\/kundeaviser\/vestreostland\/\" target=\"_blank\">Rema1000 Seljord<\/a><\/p>\n\n\n\n<p style=\"font-size:14px\"><a href=\"https:\/\/kundeavis.coop.no\/aviser\/?id=2820\">Extra <\/a><a href=\"https:\/\/kundeavis.coop.no\/aviser\/?id=2820\" target=\"_blank\" rel=\"noreferrer noopener\">Seljord<\/a><\/p>\n\n\n\n<p style=\"font-size:14px\"><a href=\"https:\/\/meny.no\/varer\/Tilbud\/\" target=\"_blank\" rel=\"noreferrer noopener\">Meny Seljord en Notodden<\/a><\/p>\n\n\n\n<p style=\"font-size:14px\"><a href=\"https:\/\/spar.no\/nettbutikk\/varer\/tilbud\" target=\"_blank\" rel=\"noreferrer noopener\">Spar Sauland<\/a><\/p>\n\n\n\n<p style=\"font-size:14px\"><a rel=\"noreferrer noopener\" href=\"https:\/\/viewer.webproof.com\/pageflip\/356\/uketilbud\/html5.html\" target=\"_blank\">Joker Hjartdal<\/a><\/p>\n\n\n\n<p style=\"font-size:14px\">en \u2026. je kunt ook in Noorwegen gebruik maken van je <strong>TooGoodToGo app<\/strong>.<\/p>\n\n\n\n<p style=\"font-size:14px\">Doordat Noorwegen groter is dan andere landen zijn de afstanden tussen dorpen en steden ook groter en dus de reistijden langer. Je zult merken dat je beter inkoopt (of spullen uit Nederland meeneemt) en de reistijden meevallen door het mooie landschap en de rustige wegen.<\/p>\n\n\n\n<h4 class=\"wp-block-heading\" id=\"restaurants\">Restaurants<\/h4>\n\n\n\n<p style=\"font-size:14px\">Wil je uit eten dan kun je prima naar Seljord (40 minuten) voor bijvoorbeeld Chinees (Charm&#8217;s kinamat) of bij <a href=\"https:\/\/www.seljordhotel.no\/restaurant\/a-la-carte\/\" target=\"_blank\" rel=\"noreferrer noopener\">Hotel Seljord<\/a>. Voor wat een snellere hap kun je ook terecht bij de Gatekj\u00f8kken en bij Sj\u00f8ormen kro in Seljord. Of misschien nog beter naar Notodden (ca 1 uur) omdat daar nog iets meer aanbod is.&nbsp;En in B\u00f8 (1 uur) kun je ook goed terecht voor verschillende restaurants, waaronder een pizzeria, sushi en <a href=\"https:\/\/provencerestaurant.no\">restaurant Provence<\/a>.<\/p>\n\n\n\n<p style=\"font-size:14px\">Je zou eens kunnen kijken bij <a href=\"http:\/\/www.nutheim.no\/\" target=\"_blank\" rel=\"noreferrer noopener\">Nutheim Gjestgiveri<\/a> in Flatdal (bij ons om de hoek), dat zeer goed is aangeschreven en dat ook volgens onze eigen ervaring een aanrader is! Ook in <a href=\"https:\/\/visitbo.no\/restauranter\/\" target=\"_blank\" rel=\"noreferrer noopener\">B\u00f8 en omgeving<\/a> vind je een behoorlijk aantal restaurants, bakkers en brouwerijen om te bezoeken. Qua restaurant in B\u00f8 zou je eens kunnen kijken bij Provence voor een betere ervaring, terwijl je ook terecht kunt bij diverse pizzeria&#8217;s en grills, terwijl je sushi kunt afhalen bij Databayo (vlakbij de rotonde). Tenslotte kun je ook in Morgedal kijken. Het <a href=\"https:\/\/www.bygderestaurant.com\/bygderestauranten\" target=\"_blank\" rel=\"noreferrer noopener\">restaurant daar<\/a> is goed aangeschreven, maar wij zijn er nog niet geweest.<\/p>\n<div class=\"love\"><input  id=\"post_52\" type=\"checkbox\" class=\"LoveCheck\"\/>\n                <label for=\"post_52\" class=\"dashicons dashicons-heart LoveLabel\" aria-label=\"like this\"><\/label><span class=\"LoveCount\">3<\/span><\/div><!--\/love-->","protected":false},"excerpt":{"rendered":"<p>Waar doe je de boodschappen? Dat kan op meerdere plekken in de omgeving. Net als in Nederland bestaan er meer supermarktketens. We zetten ze voor je op een rijtje: Joker Gvammen\/Hjartdal (&lt; 30 minuten) Joker Flatdal (ca 40 minuten) Meny, Xtra, Rema 1000, Europris Seljord (ca 40 minuten) Spar Hjartdal (ca 40 minuten) Rema 1000, &hellip; <\/p>\n<p class=\"link-more\"><a href=\"https:\/\/hytteinorge.nl\/index.php\/supermarkten-en-restaurants\/\" class=\"more-link\">Lees meer<span class=\"screen-reader-text\"> &#8220;Supermarkten en restaurants&#8221;<\/span><\/a><\/p>\n","protected":false},"author":2,"featured_media":1268,"parent":0,"menu_order":0,"comment_status":"closed","ping_status":"closed","template":"","meta":{"_acf_changed":false,"footnotes":""},"class_list":["post-52","page","type-page","status-publish","has-post-thumbnail","hentry"],"acf":[],"jetpack_sharing_enabled":true,"_links":{"self":[{"href":"https:\/\/hytteinorge.nl\/index.php\/wp-json\/wp\/v2\/pages\/52","targetHints":{"allow":["GET"]}}],"collection":[{"href":"https:\/\/hytteinorge.nl\/index.php\/wp-json\/wp\/v2\/pages"}],"about":[{"href":"https:\/\/hytteinorge.nl\/index.php\/wp-json\/wp\/v2\/types\/page"}],"author":[{"embeddable":true,"href":"https:\/\/hytteinorge.nl\/index.php\/wp-json\/wp\/v2\/users\/2"}],"replies":[{"embeddable":true,"href":"https:\/\/hytteinorge.nl\/index.php\/wp-json\/wp\/v2\/comments?post=52"}],"version-history":[{"count":38,"href":"https:\/\/hytteinorge.nl\/index.php\/wp-json\/wp\/v2\/pages\/52\/revisions"}],"predecessor-version":[{"id":2304,"href":"https:\/\/hytteinorge.nl\/index.php\/wp-json\/wp\/v2\/pages\/52\/revisions\/2304"}],"wp:featuredmedia":[{"embeddable":true,"href":"https:\/\/hytteinorge.nl\/index.php\/wp-json\/wp\/v2\/media\/1268"}],"wp:attachment":[{"href":"https:\/\/hytteinorge.nl\/index.php\/wp-json\/wp\/v2\/media?parent=52"}],"curies":[{"name":"wp","href":"https:\/\/api.w.org\/{rel}","templated":true}]}}